{"id":4280,"date":"2017-04-12T12:48:31","date_gmt":"2017-04-12T12:48:31","guid":{"rendered":"http:\/\/mixtape.select-themes.com\/?page_id=4280"},"modified":"2022-05-19T15:35:49","modified_gmt":"2022-05-19T13:35:49","slug":"main-dropdowns-s","status":"publish","type":"page","link":"https:\/\/praguesummerfestival.cz\/en\/","title":{"rendered":"Main Home"},"content":{"rendered":"<div class=\"vc_row wpb_row vc_row-fluid qodef-section vc_custom_1493128807860 qodef-content-aligment-left\" style=\"\"><div class=\"clearfix qodef-full-section-inner\"><div class=\"wpb_column vc_column_container vc_col-sm-12\"><div class=\"vc_column-inner\"><div class=\"wpb_wrapper\"><div class=\"wpb_revslider_element wpb_content_element\">\n\t\t\t<!-- START Slider 1 REVOLUTION SLIDER 6.5.11 --><p class=\"rs-p-wp-fix\"><\/p>\n\t\t\t<rs-module-wrap id=\"rev_slider_1_1_wrapper\" data-source=\"gallery\" style=\"visibility:hidden;background:transparent;padding:0;\">\n\t\t\t\t<rs-module id=\"rev_slider_1_1\" style=\"\" data-version=\"6.5.11\">\n\t\t\t\t\t<rs-slides>\n\t\t\t\t\t\t<rs-slide style=\"position: absolute;\" data-key=\"rs-2\" data-title=\"Slide\" data-anim=\"ms:1000;r:0;\" data-in=\"o:0;\" data-out=\"a:false;\">\n\t\t\t\t\t\t\t<img src=\"\/\/praguesummerfestival.cz\/wp-content\/plugins\/revslider\/public\/assets\/assets\/dummy.png\" alt=\"Slide\" title=\"Main Home\" class=\"rev-slidebg tp-rs-img rs-lazyload\" data-lazyload=\"\/\/praguesummerfestival.cz\/wp-content\/plugins\/revslider\/public\/assets\/assets\/transparent.png\" data-bg=\"c:#ffbe00;\" data-no-retina>\n<!--\n\t\t\t\t\t\t\t--><rs-layer\n\t\t\t\t\t\t\t\tid=\"slider-1-slide-2-layer-2\" \n\t\t\t\t\t\t\t\tdata-type=\"image\"\n\t\t\t\t\t\t\t\tdata-rsp_ch=\"on\"\n\t\t\t\t\t\t\t\tdata-xy=\"x:c;y:c;\"\n\t\t\t\t\t\t\t\tdata-text=\"w:normal;\"\n\t\t\t\t\t\t\t\tdata-dim=\"w:800px;h:480px;\"\n\t\t\t\t\t\t\t\tdata-frame_1=\"sp:500;\"\n\t\t\t\t\t\t\t\tdata-frame_999=\"o:0;st:w;sR:8500;\"\n\t\t\t\t\t\t\t\tstyle=\"z-index:8;\"\n\t\t\t\t\t\t\t><img src=\"\/\/praguesummerfestival.cz\/wp-content\/plugins\/revslider\/public\/assets\/assets\/dummy.png\" class=\"tp-rs-img rs-lazyload\" width=\"1000\" height=\"600\" data-lazyload=\"\/\/praguesummerfestival.cz\/wp-content\/uploads\/2019\/11\/PSF-logo-RGB-black.png\" data-no-retina> \n\t\t\t\t\t\t\t<\/rs-layer><!--\n-->\t\t\t\t\t\t<\/rs-slide>\n\t\t\t\t\t<\/rs-slides>\n\t\t\t\t\t<rs-static-layers><!--\n\t\t\t\t\t--><\/rs-static-layers>\n\t\t\t\t<\/rs-module>\n\t\t\t\t<script type=\"text\/javascript\">\n\t\t\t\t\tsetREVStartSize({c: 'rev_slider_1_1',rl:[1240,1024,778,480],el:[900],gw:[1240],gh:[900],type:'hero',justify:'',layout:'fullscreen',offsetContainer:'',offset:'',mh:\"0\"});if (window.RS_MODULES!==undefined && window.RS_MODULES.modules!==undefined && window.RS_MODULES.modules[\"revslider11\"]!==undefined) {window.RS_MODULES.modules[\"revslider11\"].once = false;window.revapi1 = undefined;if (window.RS_MODULES.checkMinimal!==undefined) window.RS_MODULES.checkMinimal()}\n\t\t\t\t<\/script>\n\t\t\t<\/rs-module-wrap>\n\t\t\t<!-- END REVOLUTION SLIDER -->\n<\/div><\/div><\/div><\/div><\/div><\/div><div class=\"vc_row wpb_row vc_row-fluid qodef-section qodef-content-aligment-left qodef-grid-section\" style=\"\"><div class=\"clearfix qodef-section-inner\"><div class=\"qodef-section-inner-margin clearfix\"><div class=\"wpb_column vc_column_container vc_col-sm-12\"><div class=\"vc_column-inner\"><div class=\"wpb_wrapper\"><div class=\"vc_empty_space\"   style=\"height: 32px\"><span class=\"vc_empty_space_inner\"><\/span><\/div><div class=\"vc_row wpb_row vc_inner vc_row-fluid qodef-section qodef-content-aligment-left\" style=\"\"><div class=\"qodef-full-section-inner\"><div class=\"wpb_column vc_column_container vc_col-sm-12\"><div class=\"vc_column-inner\"><div class=\"wpb_wrapper\">\n\t<div class=\"wpb_text_column wpb_content_element\" >\n\t\t<div class=\"wpb_wrapper\">\n\t\t\t<h2>News<\/h2>\n\n\t\t<\/div>\n\t<\/div>\n<\/div><\/div><\/div><\/div><\/div><div class=\"vc_row wpb_row vc_inner vc_row-fluid qodef-section qodef-content-aligment-left\" style=\"\"><div class=\"qodef-full-section-inner\"><div class=\"wpb_column vc_column_container vc_col-sm-12\"><div class=\"vc_column-inner\"><div class=\"wpb_wrapper\"><div class=\"qodef-separator-holder clearfix  qodef-separator-left\">\n\t<div class=\"qodef-separator\" style=\"border-color: #000000;border-style: solid;width: 32px;border-bottom-width: 6px;margin-top: 10px;margin-bottom: 25px\"><\/div>\n<\/div>\n<\/div><\/div><\/div><\/div><\/div><div class=\"vc_row wpb_row vc_inner vc_row-fluid qodef-section qodef-content-aligment-left\" style=\"\"><div class=\"qodef-full-section-inner\"><div class=\"wpb_column vc_column_container vc_col-sm-12\"><div class=\"vc_column-inner\"><div class=\"wpb_wrapper\"><div class=\"qodef-blog-list-holder qodef-masonry  qodef-holder-load-more-light\" data-next-page= \"2\" data-order-by= \"date\" data-order= \"DESC\" data-number= \"3\" data-title-tag= \"h4\" data-box-shadow= \"no\" data-show-load-more= \"yes\" data-load-more-skin= \"light\" data-text-length= \"90\" data-type= \"masonry\" data-max-num-pages = \"6\">\n    <ul class=\"qodef-blog-list\">\n\t\t            <li class=\"qodef-blog-list-masonry-grid-sizer\"><\/li>\n            <li class=\"qodef-blog-list-masonry-grid-gutter\"><\/li>\n\t\t<li class=\"qodef-blog-list-item qodef-blog-list-masonry-item qodef-blog-list-standard\">\n\t<div class=\"qodef-blog-list-item-inner\">\n\t\t<div class=\"qodef-blog-list-item-image clearfix\">\n    <a href=\"https:\/\/praguesummerfestival.cz\/en\/oliver-tree\/\">\n\t\t<img width=\"2560\" height=\"2560\" src=\"https:\/\/praguesummerfestival.cz\/wp-content\/uploads\/2024\/03\/OLIVER-TREE-LP3-PRESS-IMAGE-2-BRANKO-STARCEVIC_0-scaled.jpg\" class=\"attachment-post-thumbnail size-post-thumbnail wp-post-image\" alt=\"\" loading=\"lazy\" srcset=\"https:\/\/praguesummerfestival.cz\/wp-content\/uploads\/2024\/03\/OLIVER-TREE-LP3-PRESS-IMAGE-2-BRANKO-STARCEVIC_0-scaled.jpg 2560w, https:\/\/praguesummerfestival.cz\/wp-content\/uploads\/2024\/03\/OLIVER-TREE-LP3-PRESS-IMAGE-2-BRANKO-STARCEVIC_0-300x300.jpg 300w, https:\/\/praguesummerfestival.cz\/wp-content\/uploads\/2024\/03\/OLIVER-TREE-LP3-PRESS-IMAGE-2-BRANKO-STARCEVIC_0-1024x1024.jpg 1024w, https:\/\/praguesummerfestival.cz\/wp-content\/uploads\/2024\/03\/OLIVER-TREE-LP3-PRESS-IMAGE-2-BRANKO-STARCEVIC_0-150x150.jpg 150w, https:\/\/praguesummerfestival.cz\/wp-content\/uploads\/2024\/03\/OLIVER-TREE-LP3-PRESS-IMAGE-2-BRANKO-STARCEVIC_0-768x768.jpg 768w, https:\/\/praguesummerfestival.cz\/wp-content\/uploads\/2024\/03\/OLIVER-TREE-LP3-PRESS-IMAGE-2-BRANKO-STARCEVIC_0-1536x1536.jpg 1536w, https:\/\/praguesummerfestival.cz\/wp-content\/uploads\/2024\/03\/OLIVER-TREE-LP3-PRESS-IMAGE-2-BRANKO-STARCEVIC_0-12x12.jpg 12w, https:\/\/praguesummerfestival.cz\/wp-content\/uploads\/2024\/03\/OLIVER-TREE-LP3-PRESS-IMAGE-2-BRANKO-STARCEVIC_0-550x550.jpg 550w, https:\/\/praguesummerfestival.cz\/wp-content\/uploads\/2024\/03\/OLIVER-TREE-LP3-PRESS-IMAGE-2-BRANKO-STARCEVIC_0-1000x1000.jpg 1000w\" sizes=\"(max-width: 2560px) 100vw, 2560px\" \/>    <\/a>\n<\/div>\n<div class=\"qodef-blog-list-item-text-holder\" >\n    <h4 class=\"qodef-blog-list-item-title\" >\n        <a href=\"https:\/\/praguesummerfestival.cz\/en\/oliver-tree\/\">\n\t\t\tOliver Tree        <\/a>\n    <\/h4>\n    <div class=\"qodef-blog-list-item-info-section\" >\n\t\t<div class=\"qodef-post-info-date\">6. 3. 2024<\/div>    <\/div>\n\t        <p class=\"qodef-blog-list-item-excerpt\" >Ne\u0159\u00edzen\u00e1 st\u0159ela a excentrick\u00fd hudebn\u00ed g\u00e9nius Oliver Tree m\u00ed\u0159\u00ed do Prahy. Osobit\u00fd...<\/p>\n\t<\/div> <\/div>\t\n<\/li>\n\n<li class=\"qodef-blog-list-item qodef-blog-list-masonry-item qodef-blog-list-standard\">\n\t<div class=\"qodef-blog-list-item-inner\">\n\t\t<div class=\"qodef-blog-list-item-image clearfix\">\n    <a href=\"https:\/\/praguesummerfestival.cz\/en\/rise-against\/\">\n\t\t<img width=\"1080\" height=\"1080\" src=\"https:\/\/praguesummerfestival.cz\/wp-content\/uploads\/2022\/03\/PSF-NEW-INSTA-RISEAGAINST-1080x1080-3.png\" class=\"attachment-post-thumbnail size-post-thumbnail wp-post-image\" alt=\"\" loading=\"lazy\" srcset=\"https:\/\/praguesummerfestival.cz\/wp-content\/uploads\/2022\/03\/PSF-NEW-INSTA-RISEAGAINST-1080x1080-3.png 1080w, https:\/\/praguesummerfestival.cz\/wp-content\/uploads\/2022\/03\/PSF-NEW-INSTA-RISEAGAINST-1080x1080-3-300x300.png 300w, https:\/\/praguesummerfestival.cz\/wp-content\/uploads\/2022\/03\/PSF-NEW-INSTA-RISEAGAINST-1080x1080-3-1024x1024.png 1024w, https:\/\/praguesummerfestival.cz\/wp-content\/uploads\/2022\/03\/PSF-NEW-INSTA-RISEAGAINST-1080x1080-3-150x150.png 150w, https:\/\/praguesummerfestival.cz\/wp-content\/uploads\/2022\/03\/PSF-NEW-INSTA-RISEAGAINST-1080x1080-3-768x768.png 768w, https:\/\/praguesummerfestival.cz\/wp-content\/uploads\/2022\/03\/PSF-NEW-INSTA-RISEAGAINST-1080x1080-3-12x12.png 12w, https:\/\/praguesummerfestival.cz\/wp-content\/uploads\/2022\/03\/PSF-NEW-INSTA-RISEAGAINST-1080x1080-3-550x550.png 550w, https:\/\/praguesummerfestival.cz\/wp-content\/uploads\/2022\/03\/PSF-NEW-INSTA-RISEAGAINST-1080x1080-3-1000x1000.png 1000w\" sizes=\"(max-width: 1080px) 100vw, 1080px\" \/>    <\/a>\n<\/div>\n<div class=\"qodef-blog-list-item-text-holder\" >\n    <h4 class=\"qodef-blog-list-item-title\" >\n        <a href=\"https:\/\/praguesummerfestival.cz\/en\/rise-against\/\">\n\t\t\tRise Against        <\/a>\n    <\/h4>\n    <div class=\"qodef-blog-list-item-info-section\" >\n\t\t<div class=\"qodef-post-info-date\">26. 3. 2022<\/div>    <\/div>\n\t        <p class=\"qodef-blog-list-item-excerpt\" >Dlouho o\u010dek\u00e1van\u00fd n\u00e1vrat americk\u00fdch punk\/hardcore velik\u00e1n\u016f Rise Against do \u010cesk\u00e9 r...<\/p>\n\t<\/div> <\/div>\t\n<\/li>\n\n<li class=\"qodef-blog-list-item qodef-blog-list-masonry-item qodef-blog-list-standard\">\n\t<div class=\"qodef-blog-list-item-inner\">\n\t\t<div class=\"qodef-blog-list-item-image clearfix\">\n    <a href=\"https:\/\/praguesummerfestival.cz\/en\/bring-me-the-horizon-prijedou-7-unora-2023-do-sportovni-haly-v-holesovicich\/\">\n\t\t<img width=\"1548\" height=\"1024\" src=\"https:\/\/praguesummerfestival.cz\/wp-content\/uploads\/2021\/04\/BMTH.jpg\" class=\"attachment-post-thumbnail size-post-thumbnail wp-post-image\" alt=\"\" loading=\"lazy\" srcset=\"https:\/\/praguesummerfestival.cz\/wp-content\/uploads\/2021\/04\/BMTH.jpg 1548w, https:\/\/praguesummerfestival.cz\/wp-content\/uploads\/2021\/04\/BMTH-300x198.jpg 300w, https:\/\/praguesummerfestival.cz\/wp-content\/uploads\/2021\/04\/BMTH-1024x677.jpg 1024w, https:\/\/praguesummerfestival.cz\/wp-content\/uploads\/2021\/04\/BMTH-768x508.jpg 768w, https:\/\/praguesummerfestival.cz\/wp-content\/uploads\/2021\/04\/BMTH-1536x1016.jpg 1536w\" sizes=\"(max-width: 1548px) 100vw, 1548px\" \/>    <\/a>\n<\/div>\n<div class=\"qodef-blog-list-item-text-holder\" >\n    <h4 class=\"qodef-blog-list-item-title\" >\n        <a href=\"https:\/\/praguesummerfestival.cz\/en\/bring-me-the-horizon-prijedou-7-unora-2023-do-sportovni-haly-v-holesovicich\/\">\n\t\t\tBring Me The Horizon will come to Prague on February 7, 2023        <\/a>\n    <\/h4>\n    <div class=\"qodef-blog-list-item-info-section\" >\n\t\t<div class=\"qodef-post-info-date\">20. 1. 2022<\/div>    <\/div>\n\t        <p class=\"qodef-blog-list-item-excerpt\" >Vzhledem ke st\u00e1le trvaj\u00edc\u00ed nejasn\u00e9 situaci bohu\u017eel do\u0161lo k posunu evropsk\u00e9ho turn\u00e9...<\/p>\n\t<\/div> <\/div>\t\n<\/li>\n\n    <\/ul>\n\t\t<div class=\"qodef-blog-list-paging\">\n\t\t<span class=\"qodef-blog-list-load-more\">\n\t\t\t<a href=\"\" target=\"_self\"  class=\"qodef-btn qodef-btn-medium qodef-btn-outline qodef-btn-light\"  >    <span class=\"qodef-btn-text\">Show more<\/span>    <\/a>\t\t<\/span>\n\t\t<div class=\"qodef-stripes\">\n\t\t\t<div class=\"qodef-rect1\"><\/div>\n\t\t\t<div class=\"qodef-rect2\"><\/div>\n\t\t\t<div class=\"qodef-rect3\"><\/div>\n\t\t\t<div class=\"qodef-rect4\"><\/div>\n\t\t\t<div class=\"qodef-rect5\"><\/div>\n\t\t<\/div>\n\t<\/div>\n    <input type=\"hidden\" id=\"qodef_blog_load_more_nonce_4876\" name=\"qodef_blog_load_more_nonce_4876\" value=\"0e486adbae\" \/><input type=\"hidden\" name=\"_wp_http_referer\" value=\"\/en\/wp-json\/wp\/v2\/pages\/4280\" \/><\/div>\n<\/div><\/div><\/div><\/div><\/div><div class=\"vc_row wpb_row vc_inner vc_row-fluid qodef-section qodef-content-aligment-left\" style=\"\"><div class=\"qodef-full-section-inner\"><div class=\"wpb_column vc_column_container vc_col-sm-12\"><div class=\"vc_column-inner\"><div class=\"wpb_wrapper\"><div class=\"vc_empty_space\"   style=\"height: 34px\"><span class=\"vc_empty_space_inner\"><\/span><\/div><\/div><\/div><\/div><\/div><\/div>\n\t<div class=\"wpb_text_column wpb_content_element  vc_custom_1588682231509\" >\n\t\t<div class=\"wpb_wrapper\">\n\t\t\t<h2><span style=\"color: #000;\">Bands<\/span><\/h2>\n\n\t\t<\/div>\n\t<\/div>\n<div class=\"qodef-separator-holder clearfix  qodef-separator-left\">\n\t<div class=\"qodef-separator\" style=\"border-color: #000000;border-style: solid;width: 32px;border-bottom-width: 6px;margin-top: 10px;margin-bottom: 25px\"><\/div>\n<\/div>\n<div class=\"vc_row wpb_row vc_inner vc_row-fluid qodef-section qodef-content-aligment-left\" style=\"\"><div class=\"qodef-full-section-inner\"><div class=\"wpb_column vc_column_container vc_col-sm-4\"><div class=\"vc_column-inner\"><div class=\"wpb_wrapper\"><div class=\"qodef-image-with-text-over\">\n    <div class=\"qodef-imto-image-holder\">\n        <img width=\"1080\" height=\"1080\" src=\"https:\/\/praguesummerfestival.cz\/wp-content\/uploads\/2019\/11\/PSF-INSTA-TheOffspring-1080x1080supp.png\" class=\"attachment-full size-full\" alt=\"\" loading=\"lazy\" srcset=\"https:\/\/praguesummerfestival.cz\/wp-content\/uploads\/2019\/11\/PSF-INSTA-TheOffspring-1080x1080supp.png 1080w, https:\/\/praguesummerfestival.cz\/wp-content\/uploads\/2019\/11\/PSF-INSTA-TheOffspring-1080x1080supp-300x300.png 300w, https:\/\/praguesummerfestival.cz\/wp-content\/uploads\/2019\/11\/PSF-INSTA-TheOffspring-1080x1080supp-1024x1024.png 1024w, https:\/\/praguesummerfestival.cz\/wp-content\/uploads\/2019\/11\/PSF-INSTA-TheOffspring-1080x1080supp-150x150.png 150w, https:\/\/praguesummerfestival.cz\/wp-content\/uploads\/2019\/11\/PSF-INSTA-TheOffspring-1080x1080supp-768x768.png 768w, https:\/\/praguesummerfestival.cz\/wp-content\/uploads\/2019\/11\/PSF-INSTA-TheOffspring-1080x1080supp-12x12.png 12w, https:\/\/praguesummerfestival.cz\/wp-content\/uploads\/2019\/11\/PSF-INSTA-TheOffspring-1080x1080supp-550x550.png 550w, https:\/\/praguesummerfestival.cz\/wp-content\/uploads\/2019\/11\/PSF-INSTA-TheOffspring-1080x1080supp-1000x1000.png 1000w\" sizes=\"(max-width: 1080px) 100vw, 1080px\" \/>    <\/div>\n    <div class=\"qodef-imto-text-holder\">\n        <div class=\"qodef-imto-text-holder-inner\">\n            <div class=\"qodef-imto-text-holder-inner2\">\n                                                    <h1 class=\"qodef-imto-title\">The Offspring<\/h1>\n                                                    <a href=\"https:\/\/praguesummerfestival.cz\/en\/?event=the-offspring\" target=\"_self\"  class=\"qodef-btn qodef-btn-medium qodef-btn-outline qodef-btn-custom-hover-bg qodef-btn-custom-border-hover qodef-btn-custom-hover-color qodef-btn-light\" data-hover-bg-color=\"#fff\" data-hover-color=\"#000\" data-hover-border-color=\"#fff\" >    <span class=\"qodef-btn-text\">detail<\/span>    <\/a>                            <\/div>\n        <\/div>\n    <\/div>\n\n<\/div><\/div><\/div><\/div><div class=\"wpb_column vc_column_container vc_col-sm-4\"><div class=\"vc_column-inner\"><div class=\"wpb_wrapper\"><div class=\"qodef-image-with-text-over\">\n    <div class=\"qodef-imto-image-holder\">\n        <img width=\"1200\" height=\"1200\" src=\"https:\/\/praguesummerfestival.cz\/wp-content\/uploads\/2022\/05\/RFPC-BMTH-FB-1200x1200-2023.png\" class=\"attachment-full size-full\" alt=\"\" loading=\"lazy\" srcset=\"https:\/\/praguesummerfestival.cz\/wp-content\/uploads\/2022\/05\/RFPC-BMTH-FB-1200x1200-2023.png 1200w, https:\/\/praguesummerfestival.cz\/wp-content\/uploads\/2022\/05\/RFPC-BMTH-FB-1200x1200-2023-300x300.png 300w, https:\/\/praguesummerfestival.cz\/wp-content\/uploads\/2022\/05\/RFPC-BMTH-FB-1200x1200-2023-1024x1024.png 1024w, https:\/\/praguesummerfestival.cz\/wp-content\/uploads\/2022\/05\/RFPC-BMTH-FB-1200x1200-2023-150x150.png 150w, https:\/\/praguesummerfestival.cz\/wp-content\/uploads\/2022\/05\/RFPC-BMTH-FB-1200x1200-2023-768x768.png 768w, https:\/\/praguesummerfestival.cz\/wp-content\/uploads\/2022\/05\/RFPC-BMTH-FB-1200x1200-2023-12x12.png 12w, https:\/\/praguesummerfestival.cz\/wp-content\/uploads\/2022\/05\/RFPC-BMTH-FB-1200x1200-2023-550x550.png 550w, https:\/\/praguesummerfestival.cz\/wp-content\/uploads\/2022\/05\/RFPC-BMTH-FB-1200x1200-2023-1000x1000.png 1000w\" sizes=\"(max-width: 1200px) 100vw, 1200px\" \/>    <\/div>\n    <div class=\"qodef-imto-text-holder\">\n        <div class=\"qodef-imto-text-holder-inner\">\n            <div class=\"qodef-imto-text-holder-inner2\">\n                                                    <h1 class=\"qodef-imto-title\">Bring Me The Horizon<\/h1>\n                                                    <a href=\"https:\/\/praguesummerfestival.cz\/en\/?event=bring-me-the-horizon\" target=\"_self\"  class=\"qodef-btn qodef-btn-medium qodef-btn-outline qodef-btn-custom-hover-bg qodef-btn-custom-border-hover qodef-btn-custom-hover-color qodef-btn-light\" data-hover-bg-color=\"#fff\" data-hover-color=\"#000\" data-hover-border-color=\"#fff\" >    <span class=\"qodef-btn-text\">detail<\/span>    <\/a>                            <\/div>\n        <\/div>\n    <\/div>\n\n<\/div><\/div><\/div><\/div><div class=\"wpb_column vc_column_container vc_col-sm-4\"><div class=\"vc_column-inner\"><div class=\"wpb_wrapper\"><div class=\"qodef-image-with-text-over\">\n    <div class=\"qodef-imto-image-holder\">\n        <img width=\"1080\" height=\"1080\" src=\"https:\/\/praguesummerfestival.cz\/wp-content\/uploads\/2022\/05\/PSF-NEW-INSTA-RISEAGAINST-1080x1080-3supp.png\" class=\"attachment-full size-full\" alt=\"\" loading=\"lazy\" srcset=\"https:\/\/praguesummerfestival.cz\/wp-content\/uploads\/2022\/05\/PSF-NEW-INSTA-RISEAGAINST-1080x1080-3supp.png 1080w, https:\/\/praguesummerfestival.cz\/wp-content\/uploads\/2022\/05\/PSF-NEW-INSTA-RISEAGAINST-1080x1080-3supp-300x300.png 300w, https:\/\/praguesummerfestival.cz\/wp-content\/uploads\/2022\/05\/PSF-NEW-INSTA-RISEAGAINST-1080x1080-3supp-1024x1024.png 1024w, https:\/\/praguesummerfestival.cz\/wp-content\/uploads\/2022\/05\/PSF-NEW-INSTA-RISEAGAINST-1080x1080-3supp-150x150.png 150w, https:\/\/praguesummerfestival.cz\/wp-content\/uploads\/2022\/05\/PSF-NEW-INSTA-RISEAGAINST-1080x1080-3supp-768x768.png 768w, https:\/\/praguesummerfestival.cz\/wp-content\/uploads\/2022\/05\/PSF-NEW-INSTA-RISEAGAINST-1080x1080-3supp-12x12.png 12w, https:\/\/praguesummerfestival.cz\/wp-content\/uploads\/2022\/05\/PSF-NEW-INSTA-RISEAGAINST-1080x1080-3supp-550x550.png 550w, https:\/\/praguesummerfestival.cz\/wp-content\/uploads\/2022\/05\/PSF-NEW-INSTA-RISEAGAINST-1080x1080-3supp-1000x1000.png 1000w\" sizes=\"(max-width: 1080px) 100vw, 1080px\" \/>    <\/div>\n    <div class=\"qodef-imto-text-holder\">\n        <div class=\"qodef-imto-text-holder-inner\">\n            <div class=\"qodef-imto-text-holder-inner2\">\n                                                    <h1 class=\"qodef-imto-title\">Rise Against<\/h1>\n                                                    <a href=\"https:\/\/praguesummerfestival.cz\/en\/event\/rise-against\/\" target=\"_self\"  class=\"qodef-btn qodef-btn-medium qodef-btn-outline qodef-btn-custom-hover-bg qodef-btn-custom-border-hover qodef-btn-custom-hover-color qodef-btn-light\" data-hover-bg-color=\"#fff\" data-hover-color=\"#000\" data-hover-border-color=\"#fff\" >    <span class=\"qodef-btn-text\">detail<\/span>    <\/a>                            <\/div>\n        <\/div>\n    <\/div>\n\n<\/div><\/div><\/div><\/div><div class=\"wpb_column vc_column_container vc_col-sm-12\"><div class=\"vc_column-inner\"><div class=\"wpb_wrapper\"><div class=\"vc_empty_space\"   style=\"height: 32px\"><span class=\"vc_empty_space_inner\"><\/span><\/div><\/div><\/div><\/div><\/div><\/div><div class=\"vc_row wpb_row vc_inner vc_row-fluid qodef-section qodef-content-aligment-left\" style=\"\"><div class=\"qodef-full-section-inner\"><div class=\"wpb_column vc_column_container vc_col-sm-4\"><div class=\"vc_column-inner\"><div class=\"wpb_wrapper\"><\/div><\/div><\/div><div class=\"wpb_column vc_column_container vc_col-sm-4\"><div class=\"vc_column-inner\"><div class=\"wpb_wrapper\"><\/div><\/div><\/div><div class=\"wpb_column vc_column_container vc_col-sm-4\"><div class=\"vc_column-inner\"><div class=\"wpb_wrapper\"><\/div><\/div><\/div><\/div><\/div><\/div><\/div><\/div><\/div><\/div><\/div><div class=\"vc_row wpb_row vc_row-fluid qodef-section qodef-content-aligment-left\" style=\"\"><div class=\"clearfix qodef-full-section-inner\"><div class=\"wpb_column vc_column_container vc_col-sm-12\"><div class=\"vc_column-inner\"><div class=\"wpb_wrapper\"><div class=\"vc_empty_space\"   style=\"height: 34px\"><span class=\"vc_empty_space_inner\"><\/span><\/div><\/div><\/div><\/div><\/div><\/div>","protected":false},"excerpt":{"rendered":"Vzhledem ke st\u00e1le trvaj\u00edc\u00ed nejasn\u00e9 situaci bohu\u017eel do\u0161lo k posunu evropsk\u00e9ho turn\u00e9 kapely Bring Me The Horizon. O pra\u017esk\u00fd koncert byl mezi fanou\u0161ky obrovsk\u00fd z\u00e1jem a proto m\u00e1me nesm\u00edrnou radost, \u017ee se n\u00e1m jej poda\u0159ilo p\u0159esunout do v\u011bt\u0161\u00edch prostor a pot\u011b\u0161it tak v\u0161echny z v\u00e1s!...","protected":false},"author":1,"featured_media":0,"parent":0,"menu_order":0,"comment_status":"closed","ping_status":"closed","template":"full-width.php","meta":[],"_links":{"self":[{"href":"https:\/\/praguesummerfestival.cz\/en\/wp-json\/wp\/v2\/pages\/4280"}],"collection":[{"href":"https:\/\/praguesummerfestival.cz\/en\/wp-json\/wp\/v2\/pages"}],"about":[{"href":"https:\/\/praguesummerfestival.cz\/en\/wp-json\/wp\/v2\/types\/page"}],"author":[{"embeddable":true,"href":"https:\/\/praguesummerfestival.cz\/en\/wp-json\/wp\/v2\/users\/1"}],"replies":[{"embeddable":true,"href":"https:\/\/praguesummerfestival.cz\/en\/wp-json\/wp\/v2\/comments?post=4280"}],"version-history":[{"count":139,"href":"https:\/\/praguesummerfestival.cz\/en\/wp-json\/wp\/v2\/pages\/4280\/revisions"}],"predecessor-version":[{"id":8244,"href":"https:\/\/praguesummerfestival.cz\/en\/wp-json\/wp\/v2\/pages\/4280\/revisions\/8244"}],"wp:attachment":[{"href":"https:\/\/praguesummerfestival.cz\/en\/wp-json\/wp\/v2\/media?parent=4280"}],"curies":[{"name":"wp","href":"https:\/\/api.w.org\/{rel}","templated":true}]}}