{"id":7766,"date":"2020-01-21T08:50:09","date_gmt":"2020-01-21T07:50:09","guid":{"rendered":"https:\/\/praguesummerfestival.cz\/?page_id=7766"},"modified":"2022-05-18T17:18:36","modified_gmt":"2022-05-18T15:18:36","slug":"vstupenky","status":"publish","type":"page","link":"https:\/\/praguesummerfestival.cz\/en\/vstupenky\/","title":{"rendered":"Tickets"},"content":{"rendered":"<div class=\"vc_row wpb_row vc_row-fluid qodef-section qodef-content-aligment-left\" style=\"\"><div class=\"clearfix qodef-full-section-inner\"><div class=\"wpb_column vc_column_container vc_col-sm-12\"><div class=\"vc_column-inner\"><div class=\"wpb_wrapper\">\n\t<div class=\"wpb_text_column wpb_content_element\" >\n\t\t<div class=\"wpb_wrapper\">\n\t\t\t\n\t\t<\/div>\n\t<\/div>\n<\/div><\/div><\/div><\/div><\/div><div class=\"vc_row wpb_row vc_row-fluid qodef-section qodef-content-aligment-left\" style=\"\"><div class=\"clearfix qodef-full-section-inner\"><div class=\"wpb_column vc_column_container vc_col-sm-12\"><div class=\"vc_column-inner\"><div class=\"wpb_wrapper\"><div class=\"qodef-events-list-holder-outer\" data-next-page= \"2\" data-order-by= \"date\" data-order= \"ASC\" data-event-status= \"all\" data-number= \"-1\" data-title-tag= \"h4\" data-text-color= \"#000000\" data-max-num-pages = \"0\"><div class=\"qodef-events-list-holder clearfix\"><div class=\"qodef-event-content qodef-events8210\"  >\n\t<div class=\"qodef-event-date-holder\" style=\"color:#000000\">\n\t\t\t\t\t<div class=\"qodef-event-date-holder-left\">\n                            <span class=\"qodef-event-day-number-holder\">\n                                08                            <\/span>\n\t\t\t<\/div>\n\t\t\t<div class=\"qodef-event-date-holder-right\">\n                            <span class=\"qodef-event-day-holder\">\n                                Jun                            <\/span>\n                            <span class=\"qodef-event-month-holder\">\n                                Wed                            <\/span>\n\t\t\t<\/div>\n\t\t\n\n\t<\/div>\n\t<div class=\"qodef-event-title-holder\">\n\t\t<h4 class=\"qodef-event-title\" style=\"color:#000000\">\n\t\t<a href=\"https:\/\/praguesummerfestival.cz\/en\/event\/rise-against\/\" target=\"_blank\">\n\t\t\tRise Against\t\t<\/a>\n        <\/h4>\n    <\/div>\n    <div class=\"qodef-event-buy-tickets-holder\">\n        \t\t\t<a href=\"https:\/\/goout.net\/cs\/listky\/rise-against\/xxik\/\" target=\"\" class=\"qodef-event-buy-tickets-button\" style=\"color:#000000\">\n                <span>buy tickets<\/span>\n            <\/a>\n            <\/div>\n<\/div><div class=\"qodef-event-content qodef-events8165\"  >\n\t<div class=\"qodef-event-date-holder\" style=\"color:#000000\">\n\t\t\t\t\t<div class=\"qodef-event-date-holder-left\">\n                            <span class=\"qodef-event-day-number-holder\">\n                                09                            <\/span>\n\t\t\t<\/div>\n\t\t\t<div class=\"qodef-event-date-holder-right\">\n                            <span class=\"qodef-event-day-holder\">\n                                Jun                            <\/span>\n                            <span class=\"qodef-event-month-holder\">\n                                Thu                            <\/span>\n\t\t\t<\/div>\n\t\t\n\n\t<\/div>\n\t<div class=\"qodef-event-title-holder\">\n\t\t<h4 class=\"qodef-event-title\" style=\"color:#000000\">\n\t\t<a href=\"https:\/\/praguesummerfestival.cz\/en\/event\/alt-j\/\" target=\"_blank\">\n\t\t\tAlt-J\t\t<\/a>\n        <\/h4>\n    <\/div>\n    <div class=\"qodef-event-buy-tickets-holder\">\n        \t\t\t<a href=\"https:\/\/goout.net\/cs\/listky\/alt-j\/tbil\/\" target=\"\" class=\"qodef-event-buy-tickets-button\" style=\"color:#000000\">\n                <span>buy tickets<\/span>\n            <\/a>\n            <\/div>\n<\/div><div class=\"qodef-event-content qodef-events7563\"  >\n\t<div class=\"qodef-event-date-holder\" style=\"color:#000000\">\n\t\t\t\t\t<div class=\"qodef-event-date-holder-left\">\n                            <span class=\"qodef-event-day-number-holder\">\n                                12                            <\/span>\n\t\t\t<\/div>\n\t\t\t<div class=\"qodef-event-date-holder-right\">\n                            <span class=\"qodef-event-day-holder\">\n                                Jun                            <\/span>\n                            <span class=\"qodef-event-month-holder\">\n                                Sun                            <\/span>\n\t\t\t<\/div>\n\t\t\n\n\t<\/div>\n\t<div class=\"qodef-event-title-holder\">\n\t\t<h4 class=\"qodef-event-title\" style=\"color:#000000\">\n\t\t<a href=\"https:\/\/praguesummerfestival.cz\/en\/event\/the-offspring\/\" target=\"_blank\">\n\t\t\tThe Offspring\t\t<\/a>\n        <\/h4>\n    <\/div>\n    <div class=\"qodef-event-buy-tickets-holder\">\n        \t\t\t<a href=\"https:\/\/goout.net\/cs\/listky\/the-offspring\/olbg\/?fbclid=IwAR0Sj4Jh4ueQMjfHcunRSOCwWEvpG4IA3nZJVChpWOWSc594nivWYOVFubs\" target=\"\" class=\"qodef-event-buy-tickets-button\" style=\"color:#000000\">\n                <span>buy tickets<\/span>\n            <\/a>\n            <\/div>\n<\/div><div class=\"qodef-event-content qodef-events7564\"  >\n\t<div class=\"qodef-event-date-holder\" style=\"color:#000000\">\n\t\t\t\t\t<div class=\"qodef-event-date-holder-left\">\n                            <span class=\"qodef-event-day-number-holder\">\n                                07                            <\/span>\n\t\t\t<\/div>\n\t\t\t<div class=\"qodef-event-date-holder-right\">\n                            <span class=\"qodef-event-day-holder\">\n                                Feb                            <\/span>\n                            <span class=\"qodef-event-month-holder\">\n                                Tue                            <\/span>\n\t\t\t<\/div>\n\t\t\n\n\t<\/div>\n\t<div class=\"qodef-event-title-holder\">\n\t\t<h4 class=\"qodef-event-title\" style=\"color:#000000\">\n\t\t<a href=\"https:\/\/praguesummerfestival.cz\/en\/event\/bring-me-the-horizon\/\" target=\"_blank\">\n\t\t\tBring Me The Horizon\t\t<\/a>\n        <\/h4>\n    <\/div>\n    <div class=\"qodef-event-buy-tickets-holder\">\n        \t\t\t<a href=\"https:\/\/goout.net\/cs\/listky\/bring-me-the-horizon+special-guest-a-day-to-remember+dalsi\/mxdk\/\" target=\"\" class=\"qodef-event-buy-tickets-button\" style=\"color:#000000\">\n                <span>buy tickets<\/span>\n            <\/a>\n            <\/div>\n<\/div><div class=\"qodef-event-content qodef-events8258\"  >\n\t<div class=\"qodef-event-date-holder\" style=\"color:#000000\">\n\t\t\t\t\t<div class=\"qodef-event-date-holder-left\">\n                            <span class=\"qodef-event-day-number-holder\">\n                                18                            <\/span>\n\t\t\t<\/div>\n\t\t\t<div class=\"qodef-event-date-holder-right\">\n                            <span class=\"qodef-event-day-holder\">\n                                Jul                            <\/span>\n                            <span class=\"qodef-event-month-holder\">\n                                Thu                            <\/span>\n\t\t\t<\/div>\n\t\t\n\n\t<\/div>\n\t<div class=\"qodef-event-title-holder\">\n\t\t<h4 class=\"qodef-event-title\" style=\"color:#000000\">\n\t\t<a href=\"https:\/\/praguesummerfestival.cz\/en\/event\/oliver-tree\/\" target=\"_blank\">\n\t\t\tOliver Tree\t\t<\/a>\n        <\/h4>\n    <\/div>\n    <div class=\"qodef-event-buy-tickets-holder\">\n        \t\t\t<a href=\"https:\/\/rockforpeople.cz\/cs\/concert\/oliver-tree\/\" target=\"\" class=\"qodef-event-buy-tickets-button\" style=\"color:#000000\">\n                <span>buy tickets<\/span>\n            <\/a>\n            <\/div>\n<\/div><\/div><\/div><\/div><\/div><\/div><\/div><\/div><div class=\"vc_row wpb_row vc_row-fluid qodef-section qodef-content-aligment-left\" style=\"\"><div class=\"clearfix qodef-full-section-inner\"><div class=\"wpb_column vc_column_container vc_col-sm-12\"><div class=\"vc_column-inner\"><div class=\"wpb_wrapper\">\n\t<div class=\"wpb_text_column wpb_content_element\" >\n\t\t<div class=\"wpb_wrapper\">\n\t\t\t<p><script src=\"https:\/\/partners.goout.net\/cz-prague\/praguesummerfestivalcz.js\"><\/script><\/p>\n\n\t\t<\/div>\n\t<\/div>\n<\/div><\/div><\/div><\/div><\/div>","protected":false},"excerpt":{"rendered":"Ne\u0159\u00edzen\u00e1 st\u0159ela a excentrick\u00fd hudebn\u00ed g\u00e9nius Oliver Tree m\u00ed\u0159\u00ed do Prahy. Osobit\u00fd zp\u011bv\u00e1k s netradi\u010dn\u00edm p\u0159\u00edstupem k muzice vystoup\u00ed 8. \u010dervence pod \u0161ir\u00fdm nebem v Led\u00e1rn\u00e1ch Bran\u00edk. Oliver Tree je zp\u011bv\u00e1k, producent, scen\u00e1rista, re\u017eis\u00e9r a performer, kter\u00fd vzal internet \u00fatokem. Zkoum\u00e1 pr\u016fse\u010d\u00edk, kde se zvukov\u011b...","protected":false},"author":4,"featured_media":0,"parent":0,"menu_order":0,"comment_status":"closed","ping_status":"closed","template":"","meta":[],"_links":{"self":[{"href":"https:\/\/praguesummerfestival.cz\/en\/wp-json\/wp\/v2\/pages\/7766"}],"collection":[{"href":"https:\/\/praguesummerfestival.cz\/en\/wp-json\/wp\/v2\/pages"}],"about":[{"href":"https:\/\/praguesummerfestival.cz\/en\/wp-json\/wp\/v2\/types\/page"}],"author":[{"embeddable":true,"href":"https:\/\/praguesummerfestival.cz\/en\/wp-json\/wp\/v2\/users\/4"}],"replies":[{"embeddable":true,"href":"https:\/\/praguesummerfestival.cz\/en\/wp-json\/wp\/v2\/comments?post=7766"}],"version-history":[{"count":27,"href":"https:\/\/praguesummerfestival.cz\/en\/wp-json\/wp\/v2\/pages\/7766\/revisions"}],"predecessor-version":[{"id":8239,"href":"https:\/\/praguesummerfestival.cz\/en\/wp-json\/wp\/v2\/pages\/7766\/revisions\/8239"}],"wp:attachment":[{"href":"https:\/\/praguesummerfestival.cz\/en\/wp-json\/wp\/v2\/media?parent=7766"}],"curies":[{"name":"wp","href":"https:\/\/api.w.org\/{rel}","templated":true}]}}