{"id":7783,"date":"2020-01-21T09:11:56","date_gmt":"2020-01-21T08:11:56","guid":{"rendered":"https:\/\/praguesummerfestival.cz\/?page_id=7783"},"modified":"2024-03-07T12:07:07","modified_gmt":"2024-03-07T11:07:07","slug":"koncerty","status":"publish","type":"page","link":"https:\/\/praguesummerfestival.cz\/en\/koncerty\/","title":{"rendered":"Concerts"},"content":{"rendered":"<div class=\"vc_row wpb_row vc_row-fluid qodef-section qodef-content-aligment-left\" style=\"\"><div class=\"clearfix qodef-full-section-inner\"><div class=\"wpb_column vc_column_container vc_col-sm-4\"><div class=\"vc_column-inner\"><div class=\"wpb_wrapper\"><div class=\"qodef-image-with-text-over\">\n    <div class=\"qodef-imto-image-holder\">\n        <img width=\"1080\" height=\"1080\" src=\"https:\/\/praguesummerfestival.cz\/wp-content\/uploads\/2024\/03\/PSF-OliverTree-1080x1080-1.png\" class=\"attachment-full size-full\" alt=\"\" loading=\"lazy\" srcset=\"https:\/\/praguesummerfestival.cz\/wp-content\/uploads\/2024\/03\/PSF-OliverTree-1080x1080-1.png 1080w, https:\/\/praguesummerfestival.cz\/wp-content\/uploads\/2024\/03\/PSF-OliverTree-1080x1080-1-300x300.png 300w, https:\/\/praguesummerfestival.cz\/wp-content\/uploads\/2024\/03\/PSF-OliverTree-1080x1080-1-1024x1024.png 1024w, https:\/\/praguesummerfestival.cz\/wp-content\/uploads\/2024\/03\/PSF-OliverTree-1080x1080-1-150x150.png 150w, https:\/\/praguesummerfestival.cz\/wp-content\/uploads\/2024\/03\/PSF-OliverTree-1080x1080-1-768x768.png 768w, https:\/\/praguesummerfestival.cz\/wp-content\/uploads\/2024\/03\/PSF-OliverTree-1080x1080-1-12x12.png 12w, https:\/\/praguesummerfestival.cz\/wp-content\/uploads\/2024\/03\/PSF-OliverTree-1080x1080-1-550x550.png 550w, https:\/\/praguesummerfestival.cz\/wp-content\/uploads\/2024\/03\/PSF-OliverTree-1080x1080-1-1000x1000.png 1000w\" sizes=\"(max-width: 1080px) 100vw, 1080px\" \/>    <\/div>\n    <div class=\"qodef-imto-text-holder\">\n        <div class=\"qodef-imto-text-holder-inner\">\n            <div class=\"qodef-imto-text-holder-inner2\">\n                                                    <h1 class=\"qodef-imto-title\">Oliver Tree<\/h1>\n                                                    <a href=\"https:\/\/praguesummerfestival.cz\/en\/event\/oliver-tree\/\" target=\"_self\"  class=\"qodef-btn qodef-btn-medium qodef-btn-outline qodef-btn-custom-hover-bg qodef-btn-custom-border-hover qodef-btn-custom-hover-color qodef-btn-light\" data-hover-bg-color=\"#fff\" data-hover-color=\"#000\" data-hover-border-color=\"#fff\" >    <span class=\"qodef-btn-text\">detail<\/span>    <\/a>                            <\/div>\n        <\/div>\n    <\/div>\n\n<\/div><\/div><\/div><\/div><div class=\"wpb_column vc_column_container vc_col-sm-4\"><div class=\"vc_column-inner\"><div class=\"wpb_wrapper\"><div class=\"qodef-image-with-text-over\">\n    <div class=\"qodef-imto-image-holder\">\n        <img width=\"1080\" height=\"1080\" src=\"https:\/\/praguesummerfestival.cz\/wp-content\/uploads\/2022\/05\/PSF-NEW-INSTA-RISEAGAINST-1080x1080-3supp.png\" class=\"attachment-full size-full\" alt=\"\" loading=\"lazy\" srcset=\"https:\/\/praguesummerfestival.cz\/wp-content\/uploads\/2022\/05\/PSF-NEW-INSTA-RISEAGAINST-1080x1080-3supp.png 1080w, https:\/\/praguesummerfestival.cz\/wp-content\/uploads\/2022\/05\/PSF-NEW-INSTA-RISEAGAINST-1080x1080-3supp-300x300.png 300w, https:\/\/praguesummerfestival.cz\/wp-content\/uploads\/2022\/05\/PSF-NEW-INSTA-RISEAGAINST-1080x1080-3supp-1024x1024.png 1024w, https:\/\/praguesummerfestival.cz\/wp-content\/uploads\/2022\/05\/PSF-NEW-INSTA-RISEAGAINST-1080x1080-3supp-150x150.png 150w, https:\/\/praguesummerfestival.cz\/wp-content\/uploads\/2022\/05\/PSF-NEW-INSTA-RISEAGAINST-1080x1080-3supp-768x768.png 768w, https:\/\/praguesummerfestival.cz\/wp-content\/uploads\/2022\/05\/PSF-NEW-INSTA-RISEAGAINST-1080x1080-3supp-12x12.png 12w, https:\/\/praguesummerfestival.cz\/wp-content\/uploads\/2022\/05\/PSF-NEW-INSTA-RISEAGAINST-1080x1080-3supp-550x550.png 550w, https:\/\/praguesummerfestival.cz\/wp-content\/uploads\/2022\/05\/PSF-NEW-INSTA-RISEAGAINST-1080x1080-3supp-1000x1000.png 1000w\" sizes=\"(max-width: 1080px) 100vw, 1080px\" \/>    <\/div>\n    <div class=\"qodef-imto-text-holder\">\n        <div class=\"qodef-imto-text-holder-inner\">\n            <div class=\"qodef-imto-text-holder-inner2\">\n                                                    <h1 class=\"qodef-imto-title\">Rise Against<\/h1>\n                                                    <a href=\"https:\/\/praguesummerfestival.cz\/en\/event\/rise-against\/\" target=\"_self\"  class=\"qodef-btn qodef-btn-medium qodef-btn-outline qodef-btn-custom-hover-bg qodef-btn-custom-border-hover qodef-btn-custom-hover-color qodef-btn-light\" data-hover-bg-color=\"#fff\" data-hover-color=\"#000\" data-hover-border-color=\"#fff\" >    <span class=\"qodef-btn-text\">detail<\/span>    <\/a>                            <\/div>\n        <\/div>\n    <\/div>\n\n<\/div><\/div><\/div><\/div><div class=\"wpb_column vc_column_container vc_col-sm-4\"><div class=\"vc_column-inner\"><div class=\"wpb_wrapper\"><div class=\"qodef-image-with-text-over\">\n    <div class=\"qodef-imto-image-holder\">\n        <img width=\"1080\" height=\"1080\" src=\"https:\/\/praguesummerfestival.cz\/wp-content\/uploads\/2022\/06\/PSF-ALT-J-1080x1080-4.png\" class=\"attachment-full size-full\" alt=\"\" loading=\"lazy\" srcset=\"https:\/\/praguesummerfestival.cz\/wp-content\/uploads\/2022\/06\/PSF-ALT-J-1080x1080-4.png 1080w, https:\/\/praguesummerfestival.cz\/wp-content\/uploads\/2022\/06\/PSF-ALT-J-1080x1080-4-300x300.png 300w, https:\/\/praguesummerfestival.cz\/wp-content\/uploads\/2022\/06\/PSF-ALT-J-1080x1080-4-1024x1024.png 1024w, https:\/\/praguesummerfestival.cz\/wp-content\/uploads\/2022\/06\/PSF-ALT-J-1080x1080-4-150x150.png 150w, https:\/\/praguesummerfestival.cz\/wp-content\/uploads\/2022\/06\/PSF-ALT-J-1080x1080-4-768x768.png 768w, https:\/\/praguesummerfestival.cz\/wp-content\/uploads\/2022\/06\/PSF-ALT-J-1080x1080-4-12x12.png 12w, https:\/\/praguesummerfestival.cz\/wp-content\/uploads\/2022\/06\/PSF-ALT-J-1080x1080-4-550x550.png 550w, https:\/\/praguesummerfestival.cz\/wp-content\/uploads\/2022\/06\/PSF-ALT-J-1080x1080-4-1000x1000.png 1000w\" sizes=\"(max-width: 1080px) 100vw, 1080px\" \/>    <\/div>\n    <div class=\"qodef-imto-text-holder\">\n        <div class=\"qodef-imto-text-holder-inner\">\n            <div class=\"qodef-imto-text-holder-inner2\">\n                                                                    <a href=\"https:\/\/praguesummerfestival.cz\/en\/event\/alt-j\/\" target=\"_self\"  class=\"qodef-btn qodef-btn-medium qodef-btn-outline qodef-btn-custom-hover-bg qodef-btn-custom-border-hover qodef-btn-custom-hover-color qodef-btn-light\" data-hover-bg-color=\"#fff\" data-hover-color=\"#000\" data-hover-border-color=\"#fff\" >    <span class=\"qodef-btn-text\">detail<\/span>    <\/a>                            <\/div>\n        <\/div>\n    <\/div>\n\n<\/div><\/div><\/div><\/div><div class=\"wpb_column vc_column_container vc_col-sm-12\"><div class=\"vc_column-inner\"><div class=\"wpb_wrapper\"><div class=\"vc_empty_space\"   style=\"height: 32px\"><span class=\"vc_empty_space_inner\"><\/span><\/div><\/div><\/div><\/div><\/div><\/div><div class=\"vc_row wpb_row vc_row-fluid qodef-section qodef-content-aligment-left\" style=\"\"><div class=\"clearfix qodef-full-section-inner\"><div class=\"wpb_column vc_column_container vc_col-sm-4\"><div class=\"vc_column-inner\"><div class=\"wpb_wrapper\"><div class=\"qodef-image-with-text-over\">\n    <div class=\"qodef-imto-image-holder\">\n        <img width=\"1080\" height=\"1080\" src=\"https:\/\/praguesummerfestival.cz\/wp-content\/uploads\/2019\/11\/PSF-INSTA-TheOffspring-1080x1080supp.png\" class=\"attachment-full size-full\" alt=\"\" loading=\"lazy\" srcset=\"https:\/\/praguesummerfestival.cz\/wp-content\/uploads\/2019\/11\/PSF-INSTA-TheOffspring-1080x1080supp.png 1080w, https:\/\/praguesummerfestival.cz\/wp-content\/uploads\/2019\/11\/PSF-INSTA-TheOffspring-1080x1080supp-300x300.png 300w, https:\/\/praguesummerfestival.cz\/wp-content\/uploads\/2019\/11\/PSF-INSTA-TheOffspring-1080x1080supp-1024x1024.png 1024w, https:\/\/praguesummerfestival.cz\/wp-content\/uploads\/2019\/11\/PSF-INSTA-TheOffspring-1080x1080supp-150x150.png 150w, https:\/\/praguesummerfestival.cz\/wp-content\/uploads\/2019\/11\/PSF-INSTA-TheOffspring-1080x1080supp-768x768.png 768w, https:\/\/praguesummerfestival.cz\/wp-content\/uploads\/2019\/11\/PSF-INSTA-TheOffspring-1080x1080supp-12x12.png 12w, https:\/\/praguesummerfestival.cz\/wp-content\/uploads\/2019\/11\/PSF-INSTA-TheOffspring-1080x1080supp-550x550.png 550w, https:\/\/praguesummerfestival.cz\/wp-content\/uploads\/2019\/11\/PSF-INSTA-TheOffspring-1080x1080supp-1000x1000.png 1000w\" sizes=\"(max-width: 1080px) 100vw, 1080px\" \/>    <\/div>\n    <div class=\"qodef-imto-text-holder\">\n        <div class=\"qodef-imto-text-holder-inner\">\n            <div class=\"qodef-imto-text-holder-inner2\">\n                                                    <h1 class=\"qodef-imto-title\">The Offspring<\/h1>\n                                                    <a href=\"https:\/\/praguesummerfestival.cz\/en\/?event=the-offspring\" target=\"_self\"  class=\"qodef-btn qodef-btn-medium qodef-btn-outline qodef-btn-custom-hover-bg qodef-btn-custom-border-hover qodef-btn-custom-hover-color qodef-btn-light\" data-hover-bg-color=\"#fff\" data-hover-color=\"#000\" data-hover-border-color=\"#fff\" >    <span class=\"qodef-btn-text\">detail<\/span>    <\/a>                            <\/div>\n        <\/div>\n    <\/div>\n\n<\/div><\/div><\/div><\/div><div class=\"wpb_column vc_column_container vc_col-sm-4\"><div class=\"vc_column-inner\"><div class=\"wpb_wrapper\"><div class=\"qodef-image-with-text-over\">\n    <div class=\"qodef-imto-image-holder\">\n        <img width=\"1200\" height=\"1200\" src=\"https:\/\/praguesummerfestival.cz\/wp-content\/uploads\/2022\/05\/RFPC-BMTH-FB-1200x1200-2023.png\" class=\"attachment-full size-full\" alt=\"\" loading=\"lazy\" srcset=\"https:\/\/praguesummerfestival.cz\/wp-content\/uploads\/2022\/05\/RFPC-BMTH-FB-1200x1200-2023.png 1200w, https:\/\/praguesummerfestival.cz\/wp-content\/uploads\/2022\/05\/RFPC-BMTH-FB-1200x1200-2023-300x300.png 300w, https:\/\/praguesummerfestival.cz\/wp-content\/uploads\/2022\/05\/RFPC-BMTH-FB-1200x1200-2023-1024x1024.png 1024w, https:\/\/praguesummerfestival.cz\/wp-content\/uploads\/2022\/05\/RFPC-BMTH-FB-1200x1200-2023-150x150.png 150w, https:\/\/praguesummerfestival.cz\/wp-content\/uploads\/2022\/05\/RFPC-BMTH-FB-1200x1200-2023-768x768.png 768w, https:\/\/praguesummerfestival.cz\/wp-content\/uploads\/2022\/05\/RFPC-BMTH-FB-1200x1200-2023-12x12.png 12w, https:\/\/praguesummerfestival.cz\/wp-content\/uploads\/2022\/05\/RFPC-BMTH-FB-1200x1200-2023-550x550.png 550w, https:\/\/praguesummerfestival.cz\/wp-content\/uploads\/2022\/05\/RFPC-BMTH-FB-1200x1200-2023-1000x1000.png 1000w\" sizes=\"(max-width: 1200px) 100vw, 1200px\" \/>    <\/div>\n    <div class=\"qodef-imto-text-holder\">\n        <div class=\"qodef-imto-text-holder-inner\">\n            <div class=\"qodef-imto-text-holder-inner2\">\n                                                    <h1 class=\"qodef-imto-title\">Bring Me The Horizon<\/h1>\n                                                    <a href=\"https:\/\/praguesummerfestival.cz\/en\/?event=bring-me-the-horizon\" target=\"_self\"  class=\"qodef-btn qodef-btn-medium qodef-btn-outline qodef-btn-custom-hover-bg qodef-btn-custom-border-hover qodef-btn-custom-hover-color qodef-btn-light\" data-hover-bg-color=\"#fff\" data-hover-color=\"#000\" data-hover-border-color=\"#fff\" >    <span class=\"qodef-btn-text\">detail<\/span>    <\/a>                            <\/div>\n        <\/div>\n    <\/div>\n\n<\/div><\/div><\/div><\/div><\/div><\/div><div class=\"vc_row wpb_row vc_row-fluid qodef-section qodef-content-aligment-left\" style=\"\"><div class=\"clearfix qodef-full-section-inner\"><div class=\"wpb_column vc_column_container vc_col-sm-12\"><div class=\"vc_column-inner\"><div class=\"wpb_wrapper\"><div class=\"vc_empty_space\"   style=\"height: 52px\"><span class=\"vc_empty_space_inner\"><\/span><\/div><\/div><\/div><\/div><\/div><\/div>","protected":false},"excerpt":{"rendered":"Oliver Tree v\u00edce Rise Against v\u00edce V\u00edce The Offspring v\u00edce Bring Me The Horizon v\u00edce","protected":false},"author":4,"featured_media":0,"parent":0,"menu_order":0,"comment_status":"closed","ping_status":"closed","template":"","meta":[],"_links":{"self":[{"href":"https:\/\/praguesummerfestival.cz\/en\/wp-json\/wp\/v2\/pages\/7783"}],"collection":[{"href":"https:\/\/praguesummerfestival.cz\/en\/wp-json\/wp\/v2\/pages"}],"about":[{"href":"https:\/\/praguesummerfestival.cz\/en\/wp-json\/wp\/v2\/types\/page"}],"author":[{"embeddable":true,"href":"https:\/\/praguesummerfestival.cz\/en\/wp-json\/wp\/v2\/users\/4"}],"replies":[{"embeddable":true,"href":"https:\/\/praguesummerfestival.cz\/en\/wp-json\/wp\/v2\/comments?post=7783"}],"version-history":[{"count":54,"href":"https:\/\/praguesummerfestival.cz\/en\/wp-json\/wp\/v2\/pages\/7783\/revisions"}],"predecessor-version":[{"id":8272,"href":"https:\/\/praguesummerfestival.cz\/en\/wp-json\/wp\/v2\/pages\/7783\/revisions\/8272"}],"wp:attachment":[{"href":"https:\/\/praguesummerfestival.cz\/en\/wp-json\/wp\/v2\/media?parent=7783"}],"curies":[{"name":"wp","href":"https:\/\/api.w.org\/{rel}","templated":true}]}}