{"id":7784,"date":"2020-01-21T09:11:56","date_gmt":"2020-01-21T08:11:56","guid":{"rendered":"https:\/\/praguesummerfestival.cz\/?page_id=7784"},"modified":"2021-12-13T13:59:58","modified_gmt":"2021-12-13T12:59:58","slug":"o-nas","status":"publish","type":"page","link":"https:\/\/praguesummerfestival.cz\/en\/o-nas\/","title":{"rendered":"Contact"},"content":{"rendered":"<div class=\"vc_row wpb_row vc_row-fluid qodef-section qodef-content-aligment-left\" style=\"\"><div class=\"clearfix qodef-full-section-inner\"><div class=\"wpb_column vc_column_container vc_col-sm-12\"><div class=\"vc_column-inner\"><div class=\"wpb_wrapper\"><div class=\"vc_empty_space\"   style=\"height: 32px\"><span class=\"vc_empty_space_inner\"><\/span><\/div><\/div><\/div><\/div><\/div><\/div><div class=\"vc_row wpb_row vc_row-fluid qodef-section qodef-content-aligment-left\" style=\"\"><div class=\"clearfix qodef-full-section-inner\"><div class=\"wpb_column vc_column_container vc_col-sm-3\"><div class=\"vc_column-inner\"><div class=\"wpb_wrapper\">\n\t<div class=\"wpb_text_column wpb_content_element\" >\n\t\t<div class=\"wpb_wrapper\">\n\t\t\t<h4 style=\"text-align: center;\"><strong>MICHAL THOMES<\/strong><\/h4>\n<p>&nbsp;<\/p>\n<h5 style=\"text-align: center;\">ORGANIZER<\/h5>\n\n\t\t<\/div>\n\t<\/div>\n<div class=\"qodef-separator-holder clearfix  qodef-separator-center\">\n\t<div class=\"qodef-separator\" style=\"border-color: #c1c1c1;border-style: solid;width: 100px;border-bottom-width: 3pxpx;margin-top: 50px;margin-bottom: 50px\"><\/div>\n<\/div>\n<\/div><\/div><\/div><div class=\"wpb_column vc_column_container vc_col-sm-3\"><div class=\"vc_column-inner\"><div class=\"wpb_wrapper\">\n\t<div class=\"wpb_text_column wpb_content_element\" >\n\t\t<div class=\"wpb_wrapper\">\n\t\t\t<h4 style=\"text-align: center;\"><strong>PAVEL KLEN\u00cdK<\/strong><\/h4>\n<p>&nbsp;<\/p>\n<h5 style=\"text-align: center;\">PARTNERS<\/h5>\n\n\t\t<\/div>\n\t<\/div>\n<div class=\"qodef-separator-holder clearfix  qodef-separator-center\">\n\t<div class=\"qodef-separator\" style=\"border-color: #c1c1c1;border-style: solid;width: 100px;border-bottom-width: 5pxpx;margin-top: 50px;margin-bottom: 50px\"><\/div>\n<\/div>\n\n\t<div class=\"wpb_text_column wpb_content_element\" >\n\t\t<div class=\"wpb_wrapper\">\n\t\t\t<h6 style=\"text-align: center;\"><a href=\"mailto:pavel@praguesummerfestival.cz\">pavel@praguesummerfestival.cz<\/a><\/h6>\n\n\t\t<\/div>\n\t<\/div>\n<div class=\"vc_empty_space\"   style=\"height: 134px\"><span class=\"vc_empty_space_inner\"><\/span><\/div><\/div><\/div><\/div><div class=\"wpb_column vc_column_container vc_col-sm-3\"><div class=\"vc_column-inner\"><div class=\"wpb_wrapper\">\n\t<div class=\"wpb_text_column wpb_content_element\" >\n\t\t<div class=\"wpb_wrapper\">\n\t\t\t<h4 style=\"text-align: center;\"><strong>ANNA VA\u0160\u00c1TKOV\u00c1<\/strong><\/h4>\n<p>&nbsp;<\/p>\n<h5 style=\"text-align: center;\">\u00a0 MARKETING &amp; PR<\/h5>\n\n\t\t<\/div>\n\t<\/div>\n<div class=\"qodef-separator-holder clearfix  qodef-separator-center\">\n\t<div class=\"qodef-separator\" style=\"border-color: #c1c1c1;border-style: solid;width: 100px;border-bottom-width: 3pxpx;margin-top: 50px;margin-bottom: 50px\"><\/div>\n<\/div>\n\n\t<div class=\"wpb_text_column wpb_content_element\" >\n\t\t<div class=\"wpb_wrapper\">\n\t\t\t<h6 style=\"text-align: center;\"><a href=\"mailto:anna.v@praguesummerfestival.cz\">anna.v@praguesummerfestival.cz<\/a><\/h6>\n\n\t\t<\/div>\n\t<\/div>\n<div class=\"vc_empty_space\"   style=\"height: 134px\"><span class=\"vc_empty_space_inner\"><\/span><\/div><\/div><\/div><\/div><div class=\"wpb_column vc_column_container vc_col-sm-3\"><div class=\"vc_column-inner\"><div class=\"wpb_wrapper\">\n\t<div class=\"wpb_text_column wpb_content_element\" >\n\t\t<div class=\"wpb_wrapper\">\n\t\t\t<h4 style=\"text-align: center;\"><strong>TICKETING<br \/>\n<\/strong><\/h4>\n<p>&nbsp;<\/p>\n<h5 style=\"text-align: center;\"><\/h5>\n\n\t\t<\/div>\n\t<\/div>\n<div class=\"vc_empty_space\"   style=\"height: 25px\"><span class=\"vc_empty_space_inner\"><\/span><\/div><div class=\"qodef-separator-holder clearfix  qodef-separator-center\">\n\t<div class=\"qodef-separator\" style=\"border-color: #c1c1c1;border-style: solid;width: 100px;border-bottom-width: 3pxpx;margin-top: 50px;margin-bottom: 50px\"><\/div>\n<\/div>\n\n\t<div class=\"wpb_text_column wpb_content_element\" >\n\t\t<div class=\"wpb_wrapper\">\n\t\t\t<h6 style=\"text-align: center;\"><a href=\"mailto:jana@praguesummerfestival.cz\">ticketing@praguesummerfestival.cz<\/a><\/h6>\n\n\t\t<\/div>\n\t<\/div>\n<div class=\"vc_empty_space\"   style=\"height: 134px\"><span class=\"vc_empty_space_inner\"><\/span><\/div><\/div><\/div><\/div><\/div><\/div><div class=\"vc_row wpb_row vc_row-fluid qodef-section qodef-content-aligment-left\" style=\"\"><div class=\"clearfix qodef-full-section-inner\"><div class=\"wpb_column vc_column_container vc_col-sm-3\"><div class=\"vc_column-inner\"><div class=\"wpb_wrapper\">\n\t<div class=\"wpb_text_column wpb_content_element\" >\n\t\t<div class=\"wpb_wrapper\">\n\t\t\t<h4 style=\"text-align: center;\"><strong>DAVID NGUYEN<br \/>\n<\/strong><\/h4>\n<p>&nbsp;<\/p>\n<h5 style=\"text-align: center;\">INTERNATIONAL BOOKING<\/h5>\n\n\t\t<\/div>\n\t<\/div>\n<div class=\"qodef-separator-holder clearfix  qodef-separator-center\">\n\t<div class=\"qodef-separator\" style=\"border-color: #c1c1c1;border-style: solid;width: 100px;border-bottom-width: 3pxpx;margin-top: 50px;margin-bottom: 50px\"><\/div>\n<\/div>\n<div class=\"vc_empty_space\"   style=\"height: 100px\"><span class=\"vc_empty_space_inner\"><\/span><\/div><\/div><\/div><\/div><\/div><\/div><div class=\"vc_row wpb_row vc_row-fluid qodef-section qodef-content-aligment-left\" style=\"\"><div class=\"clearfix qodef-full-section-inner\"><div class=\"wpb_column vc_column_container vc_col-sm-12\"><div class=\"vc_column-inner\"><div class=\"wpb_wrapper\"><div class=\"vc_empty_space\"   style=\"height: 32px\"><span class=\"vc_empty_space_inner\"><\/span><\/div><\/div><\/div><\/div><\/div><\/div>","protected":false},"excerpt":{"rendered":"MICHAL THOMES &nbsp; HLAVN\u00cd PO\u0158ADATEL PAVEL KLEN\u00cdK &nbsp; PARTNE\u0158I pavel@praguesummerfestival.cz ANNA VA\u0160\u00c1TKOV\u00c1 &nbsp; \u00a0 MARKETING &amp; PR anna.v@praguesummerfestival.cz TICKETING &nbsp; ticketing@praguesummerfestival.cz DAVID NGUYEN &nbsp; INTERNATIONAL BOOKING","protected":false},"author":4,"featured_media":0,"parent":0,"menu_order":0,"comment_status":"closed","ping_status":"closed","template":"","meta":[],"_links":{"self":[{"href":"https:\/\/praguesummerfestival.cz\/en\/wp-json\/wp\/v2\/pages\/7784"}],"collection":[{"href":"https:\/\/praguesummerfestival.cz\/en\/wp-json\/wp\/v2\/pages"}],"about":[{"href":"https:\/\/praguesummerfestival.cz\/en\/wp-json\/wp\/v2\/types\/page"}],"author":[{"embeddable":true,"href":"https:\/\/praguesummerfestival.cz\/en\/wp-json\/wp\/v2\/users\/4"}],"replies":[{"embeddable":true,"href":"https:\/\/praguesummerfestival.cz\/en\/wp-json\/wp\/v2\/comments?post=7784"}],"version-history":[{"count":40,"href":"https:\/\/praguesummerfestival.cz\/en\/wp-json\/wp\/v2\/pages\/7784\/revisions"}],"predecessor-version":[{"id":8196,"href":"https:\/\/praguesummerfestival.cz\/en\/wp-json\/wp\/v2\/pages\/7784\/revisions\/8196"}],"wp:attachment":[{"href":"https:\/\/praguesummerfestival.cz\/en\/wp-json\/wp\/v2\/media?parent=7784"}],"curies":[{"name":"wp","href":"https:\/\/api.w.org\/{rel}","templated":true}]}}